{"id":112,"date":"2021-05-03T13:29:32","date_gmt":"2021-05-03T13:29:32","guid":{"rendered":"https:\/\/www.ayctecnology.com\/index.php\/services\/"},"modified":"2023-12-05T20:04:08","modified_gmt":"2023-12-06T00:04:08","slug":"services","status":"publish","type":"page","link":"https:\/\/www.ayctecnology.com\/index.php\/services\/","title":{"rendered":"SERVICIOS"},"content":{"rendered":"<style>\/*! elementor - v3.13.3 - 28-05-2023 *\/<br \/>\n.elementor-widget-divider{--divider-border-style:none;--divider-border-width:1px;--divider-color:#0c0d0e;--divider-icon-size:20px;--divider-element-spacing:10px;--divider-pattern-height:24px;--divider-pattern-size:20px;--divider-pattern-url:none;--divider-pattern-repeat:repeat-x}.elementor-widget-divider .elementor-divider{display:flex}.elementor-widget-divider .elementor-divider__text{font-size:15px;line-height:1;max-width:95%}.elementor-widget-divider .elementor-divider__element{margin:0 var(--divider-element-spacing);flex-shrink:0}.elementor-widget-divider .elementor-icon{font-size:var(--divider-icon-size)}.elementor-widget-divider .elementor-divider-separator{display:flex;margin:0;direction:ltr}.elementor-widget-divider--view-line_icon .elementor-divider-separator,.elementor-widget-divider--view-line_text .elementor-divider-separator{align-items:center}.elementor-widget-divider--view-line_icon .elementor-divider-separator:after,.elementor-widget-divider--view-line_icon .elementor-divider-separator:before,.elementor-widget-divider--view-line_text .elementor-divider-separator:after,.elementor-widget-divider--view-line_text .elementor-divider-separator:before{display:block;content:\"\";border-bottom:0;flex-grow:1;border-top:var(--divider-border-width) var(--divider-border-style) var(--divider-color)}.elementor-widget-divider--element-align-left .elementor-divider .elementor-divider-separator>.elementor-divider__svg:first-of-type{flex-grow:0;flex-shrink:100}.elementor-widget-divider--element-align-left .elementor-divider-separator:before{content:none}.elementor-widget-divider--element-align-left .elementor-divider__element{margin-left:0}.elementor-widget-divider--element-align-right .elementor-divider .elementor-divider-separator>.elementor-divider__svg:last-of-type{flex-grow:0;flex-shrink:100}.elementor-widget-divider--element-align-right .elementor-divider-separator:after{content:none}.elementor-widget-divider--element-align-right .elementor-divider__element{margin-right:0}.elementor-widget-divider:not(.elementor-widget-divider--view-line_text):not(.elementor-widget-divider--view-line_icon) .elementor-divider-separator{border-top:var(--divider-border-width) var(--divider-border-style) var(--divider-color)}.elementor-widget-divider--separator-type-pattern{--divider-border-style:none}.elementor-widget-divider--separator-type-pattern.elementor-widget-divider--view-line .elementor-divider-separator,.elementor-widget-divider--separator-type-pattern:not(.elementor-widget-divider--view-line) .elementor-divider-separator:after,.elementor-widget-divider--separator-type-pattern:not(.elementor-widget-divider--view-line) .elementor-divider-separator:before,.elementor-widget-divider--separator-type-pattern:not([class*=elementor-widget-divider--view]) .elementor-divider-separator{width:100%;min-height:var(--divider-pattern-height);-webkit-mask-size:var(--divider-pattern-size) 100%;mask-size:var(--divider-pattern-size) 100%;-webkit-mask-repeat:var(--divider-pattern-repeat);mask-repeat:var(--divider-pattern-repeat);background-color:var(--divider-color);-webkit-mask-image:var(--divider-pattern-url);mask-image:var(--divider-pattern-url)}.elementor-widget-divider--no-spacing{--divider-pattern-size:auto}.elementor-widget-divider--bg-round{--divider-pattern-repeat:round}.rtl .elementor-widget-divider .elementor-divider__text{direction:rtl}.e-con-inner>.elementor-widget-divider,.e-con>.elementor-widget-divider{width:var(--container-widget-width,100%);--flex-grow:var(--container-widget-flex-grow)}<\/style>\n<style>\/*! elementor - v3.13.3 - 28-05-2023 *\/<br \/>\n.elementor-heading-title{padding:0;margin:0;line-height:1}.elementor-widget-heading .elementor-heading-title[class*=elementor-size-]>a{color:inherit;font-size:inherit;line-height:inherit}.elementor-widget-heading .elementor-heading-title.elementor-size-small{font-size:15px}.elementor-widget-heading .elementor-heading-title.elementor-size-medium{font-size:19px}.elementor-widget-heading .elementor-heading-title.elementor-size-large{font-size:29px}.elementor-widget-heading .elementor-heading-title.elementor-size-xl{font-size:39px}.elementor-widget-heading .elementor-heading-title.elementor-size-xxl{font-size:59px}<\/style>\n<h1>Servicios<\/h1>\n<h2>Como Podemos ayudarte?<\/h2>\n<style>\/*! elementor - v3.13.3 - 28-05-2023 *\/<br \/>\n.elementor-widget-image-box .elementor-image-box-content{width:100%}@media (min-width:768px){.elementor-widget-image-box.elementor-position-left .elementor-image-box-wrapper,.elementor-widget-image-box.elementor-position-right .elementor-image-box-wrapper{display:flex}.elementor-widget-image-box.elementor-position-right .elementor-image-box-wrapper{text-align:right;flex-direction:row-reverse}.elementor-widget-image-box.elementor-position-left .elementor-image-box-wrapper{text-align:left;flex-direction:row}.elementor-widget-image-box.elementor-position-top .elementor-image-box-img{margin:auto}.elementor-widget-image-box.elementor-vertical-align-top .elementor-image-box-wrapper{align-items:flex-start}.elementor-widget-image-box.elementor-vertical-align-middle .elementor-image-box-wrapper{align-items:center}.elementor-widget-image-box.elementor-vertical-align-bottom .elementor-image-box-wrapper{align-items:flex-end}}@media (max-width:767px){.elementor-widget-image-box .elementor-image-box-img{margin-left:auto!important;margin-right:auto!important;margin-bottom:15px}}.elementor-widget-image-box .elementor-image-box-img{display:inline-block}.elementor-widget-image-box .elementor-image-box-title a{color:inherit}.elementor-widget-image-box .elementor-image-box-wrapper{text-align:center}.elementor-widget-image-box .elementor-image-box-description{margin:0}<\/style>\n<h4>Dise\u00f1os Creativos<\/h4>\n<p>Creamos la identidad digital de tu empras, recuerda que si no estas en la web no existes, no te quedes atras, ACTUALIZATE.<\/p>\n<p><a role=\"button\" href=\"#\"><br \/>\nGet In Touch<br \/>\n<\/a><\/p>\n<h4>Sistema de Facturaci\u00f3n<\/h4>\n<p>Podemos ayudarte a Organizar tu empresa, te ofrecemos la soluci\u00f3n tecnol\u00f3gica que tu empresa necesita. Sistema de facturaci\u00f3n local y en la Nube.<br \/>\nusuario: DEMO<br \/>\nContrase\u00f1a: 123456789<\/p>\n<p><a role=\"button\" href=\"https:\/\/www.ayctecnology.com\/public\/login\" target=\"_blank\" rel=\"noopener\"><br \/>\nPruebalo Gratis!!!<br \/>\n<\/a><\/p>\n<h4>Igualas Administrativas<\/h4>\n<p>Organizamos tu empresa:<br \/>\n1. Departamentos.<br \/>\n2. Seguimiento de Cobros.<br \/>\n3. Recuperaci\u00f3n y negociaci\u00f3n de cuentas.<br \/>\n4. Facturaci\u00f3n.<br \/>\n5. Gastos.<br \/>\n6. Administraci\u00f3n de Personal<br \/>\n7. TSS, SIRLA, Nomina, seguros.<br \/>\n8. Calculo de liquidaci\u00f3n,.<br \/>\n9. Asesorias.<\/p>\n<p><a role=\"button\" href=\"#\"><br \/>\nGet In Touch<br \/>\n<\/a><\/p>\n<h2>Nuestros Clietes<\/h2>\n<style>\/*! elementor - v3.13.3 - 28-05-2023 *\/<br \/>\n.elementor-widget-image{text-align:center}.elementor-widget-image a{display:inline-block}.elementor-widget-image a img[src$=\".svg\"]{width:48px}.elementor-widget-image img{vertical-align:middle;display:inline-block}<\/style>\n<p><img decoding=\"async\" src=\"https:\/\/www.ayctecnology.com\/wp-content\/uploads\/2023\/12\/KLK.png\" alt=\"\" width=\"223\" height=\"131\" \/><br \/>\n<img fetchpriority=\"high\" decoding=\"async\" src=\"https:\/\/www.ayctecnology.com\/wp-content\/uploads\/2023\/12\/Klobex.png\" sizes=\"(max-width: 875px) 100vw, 875px\" srcset=\"https:\/\/www.ayctecnology.com\/wp-content\/uploads\/2023\/12\/Klobex.png 875w, https:\/\/www.ayctecnology.com\/wp-content\/uploads\/2023\/12\/Klobex-300x146.png 300w, https:\/\/www.ayctecnology.com\/wp-content\/uploads\/2023\/12\/Klobex-768x373.png 768w\" alt=\"\" width=\"875\" height=\"425\" \/><br \/>\n<img decoding=\"async\" src=\"https:\/\/www.ayctecnology.com\/wp-content\/uploads\/2023\/12\/WhatsApp-Image-2023-12-04-at-7.42.10-PM-1-1024x479.jpeg\" sizes=\"(max-width: 1024px) 100vw, 1024px\" srcset=\"https:\/\/www.ayctecnology.com\/wp-content\/uploads\/2023\/12\/WhatsApp-Image-2023-12-04-at-7.42.10-PM-1-1024x479.jpeg 1024w, https:\/\/www.ayctecnology.com\/wp-content\/uploads\/2023\/12\/WhatsApp-Image-2023-12-04-at-7.42.10-PM-1-300x140.jpeg 300w, https:\/\/www.ayctecnology.com\/wp-content\/uploads\/2023\/12\/WhatsApp-Image-2023-12-04-at-7.42.10-PM-1-768x359.jpeg 768w, https:\/\/www.ayctecnology.com\/wp-content\/uploads\/2023\/12\/WhatsApp-Image-2023-12-04-at-7.42.10-PM-1-1536x718.jpeg 1536w, https:\/\/www.ayctecnology.com\/wp-content\/uploads\/2023\/12\/WhatsApp-Image-2023-12-04-at-7.42.10-PM-1.jpeg 1563w\" alt=\"\" width=\"1024\" height=\"479\" \/><br \/>\n<img loading=\"lazy\" decoding=\"async\" src=\"https:\/\/www.ayctecnology.com\/wp-content\/uploads\/2023\/12\/2.png\" sizes=\"(max-width: 720px) 100vw, 720px\" srcset=\"https:\/\/www.ayctecnology.com\/wp-content\/uploads\/2023\/12\/2.png 720w, https:\/\/www.ayctecnology.com\/wp-content\/uploads\/2023\/12\/2-300x251.png 300w\" alt=\"\" width=\"720\" height=\"603\" \/><\/p>\n<h3>Tienes Un proyecto en Mente<\/h3>\n<p>Nosotros te ayudamos y orientamos en la parte digital, materializamos tu Sue\u00f1o.<\/p>\n<p><a role=\"button\" href=\"#\"><br \/>\nContactanos<br \/>\n<\/a><br \/>\n<img loading=\"lazy\" decoding=\"async\" src=\"https:\/\/www.ayctecnology.com\/wp-content\/uploads\/2021\/05\/cta-img.jpg\" sizes=\"(max-width: 775px) 100vw, 775px\" srcset=\"https:\/\/www.ayctecnology.com\/wp-content\/uploads\/2021\/05\/cta-img.jpg 775w, https:\/\/www.ayctecnology.com\/wp-content\/uploads\/2021\/05\/cta-img-300x212.jpg 300w, https:\/\/www.ayctecnology.com\/wp-content\/uploads\/2021\/05\/cta-img-768x542.jpg 768w\" alt=\"\" width=\"775\" height=\"547\" \/><\/p>\n<h2>Construyamos juntos un negocio pr\u00f3spero<\/h2>\n<p>Cuando se conecta con nosotros, no est\u00e1 haciendo crecer su negocio solo. Lo apoyamos y hacemos nuestro mejor esfuerzo para contribuir al crecimiento de todo su equipo y organizaci\u00f3n. Entonces, si est\u00e1 buscando la agencia adecuada que lo ayude a construir una buena presencia en l\u00ednea y generar m\u00e1s conversiones e ingresos, \u00a1estamos aqu\u00ed!<\/p>\n","protected":false},"excerpt":{"rendered":"<p>Servicios Como Podemos ayudarte? Dise\u00f1os Creativos Creamos la identidad digital de tu empras, recuerda que si no estas en la web no existes, no te quedes atras, ACTUALIZATE. Get In Touch Sistema de Facturaci\u00f3n Podemos ayudarte a Organizar tu empresa, te ofrecemos la soluci\u00f3n tecnol\u00f3gica que tu empresa necesita. Sistema de facturaci\u00f3n local y en [&hellip;]<\/p>\n","protected":false},"author":1,"featured_media":0,"parent":0,"menu_order":0,"comment_status":"closed","ping_status":"closed","template":"","meta":{"site-sidebar-layout":"no-sidebar","site-content-layout":"page-builder","ast-site-content-layout":"","site-content-style":"default","site-sidebar-style":"default","ast-global-header-display":"","ast-banner-title-visibility":"","ast-main-header-display":"","ast-hfb-above-header-display":"","ast-hfb-below-header-display":"","ast-hfb-mobile-header-display":"","site-post-title":"disabled","ast-breadcrumbs-content":"","ast-featured-img":"disabled","footer-sml-layout":"","theme-transparent-header-meta":"enabled","adv-header-id-meta":"","stick-header-meta":"","header-above-stick-meta":"","header-main-stick-meta":"","header-below-stick-meta":"","astra-migrate-meta-layouts":"default","ast-page-background-enabled":"default","ast-page-background-meta":{"desktop":{"background-color":"","background-image":"","background-repeat":"repeat","background-position":"center center","background-size":"auto","background-attachment":"scroll","background-type":"","background-media":"","overlay-type":"","overlay-color":"","overlay-opacity":"","overlay-gradient":""},"tablet":{"background-color":"","background-image":"","background-repeat":"repeat","background-position":"center center","background-size":"auto","background-attachment":"scroll","background-type":"","background-media":"","overlay-type":"","overlay-color":"","overlay-opacity":"","overlay-gradient":""},"mobile":{"background-color":"","background-image":"","background-repeat":"repeat","background-position":"center center","background-size":"auto","background-attachment":"scroll","background-type":"","background-media":"","overlay-type":"","overlay-color":"","overlay-opacity":"","overlay-gradient":""}},"ast-content-background-meta":{"desktop":{"background-color":"var(--ast-global-color-5)","background-image":"","background-repeat":"repeat","background-position":"center center","background-size":"auto","background-attachment":"scroll","background-type":"","background-media":"","overlay-type":"","overlay-color":"","overlay-opacity":"","overlay-gradient":""},"tablet":{"background-color":"var(--ast-global-color-5)","background-image":"","background-repeat":"repeat","background-position":"center center","background-size":"auto","background-attachment":"scroll","background-type":"","background-media":"","overlay-type":"","overlay-color":"","overlay-opacity":"","overlay-gradient":""},"mobile":{"background-color":"var(--ast-global-color-5)","background-image":"","background-repeat":"repeat","background-position":"center center","background-size":"auto","background-attachment":"scroll","background-type":"","background-media":"","overlay-type":"","overlay-color":"","overlay-opacity":"","overlay-gradient":""}},"footnotes":""},"class_list":["post-112","page","type-page","status-publish","hentry"],"_links":{"self":[{"href":"https:\/\/www.ayctecnology.com\/index.php\/wp-json\/wp\/v2\/pages\/112","targetHints":{"allow":["GET"]}}],"collection":[{"href":"https:\/\/www.ayctecnology.com\/index.php\/wp-json\/wp\/v2\/pages"}],"about":[{"href":"https:\/\/www.ayctecnology.com\/index.php\/wp-json\/wp\/v2\/types\/page"}],"author":[{"embeddable":true,"href":"https:\/\/www.ayctecnology.com\/index.php\/wp-json\/wp\/v2\/users\/1"}],"replies":[{"embeddable":true,"href":"https:\/\/www.ayctecnology.com\/index.php\/wp-json\/wp\/v2\/comments?post=112"}],"version-history":[{"count":6,"href":"https:\/\/www.ayctecnology.com\/index.php\/wp-json\/wp\/v2\/pages\/112\/revisions"}],"predecessor-version":[{"id":476,"href":"https:\/\/www.ayctecnology.com\/index.php\/wp-json\/wp\/v2\/pages\/112\/revisions\/476"}],"wp:attachment":[{"href":"https:\/\/www.ayctecnology.com\/index.php\/wp-json\/wp\/v2\/media?parent=112"}],"curies":[{"name":"wp","href":"https:\/\/api.w.org\/{rel}","templated":true}]}}